{"id":11180,"date":"2025-11-13T07:52:06","date_gmt":"2025-11-13T07:52:06","guid":{"rendered":"https:\/\/alpha4performance.com\/livres\/"},"modified":"2026-02-27T20:20:53","modified_gmt":"2026-02-27T20:20:53","slug":"livres","status":"publish","type":"page","link":"https:\/\/alpha4performance.com\/fr\/livres\/","title":{"rendered":"Livres"},"content":{"rendered":"\t\t<div data-elementor-type=\"wp-page\" data-elementor-id=\"11180\" class=\"elementor elementor-11180 elementor-10861\" data-elementor-post-type=\"page\">\n\t\t\t\t<div class=\"elementor-element elementor-element-4f3fb652 e-flex e-con-boxed e-con e-parent\" data-id=\"4f3fb652\" data-element_type=\"container\" data-e-type=\"container\" data-settings=\"{&quot;background_background&quot;:&quot;classic&quot;}\">\n\t\t\t\t\t<div class=\"e-con-inner\">\n\t\t<div class=\"elementor-element elementor-element-62745c09 e-con-full e-flex e-con e-child\" data-id=\"62745c09\" data-element_type=\"container\" data-e-type=\"container\">\n\t\t\t\t<div class=\"elementor-element elementor-element-53eaabe4 jet-breadcrumbs-align-left elementor-widget elementor-widget-jet-breadcrumbs\" data-id=\"53eaabe4\" data-element_type=\"widget\" data-e-type=\"widget\" data-widget_type=\"jet-breadcrumbs.default\">\n\t\t\t\t<div class=\"elementor-widget-container\">\n\t\t\t\t\t<div class=\"elementor-jet-breadcrumbs jet-blocks\">\n\t\t<div class=\"jet-breadcrumbs\">\n\t\t<div class=\"jet-breadcrumbs__content\">\n\t\t<div class=\"jet-breadcrumbs__wrap\"><div class=\"jet-breadcrumbs__item\"><a href=\"https:\/\/alpha4performance.com\/fr\/\" class=\"jet-breadcrumbs__item-link is-home\" rel=\"home\" title=\"Accueil\">Accueil<\/a><\/div>\n\t\t<\/div>\n\t\t<\/div>\n\t\t<\/div><\/div>\t\t\t\t<\/div>\n\t\t\t\t<\/div>\n\t\t\t\t<div class=\"elementor-element elementor-element-273f55ba elementor-widget elementor-widget-heading\" data-id=\"273f55ba\" data-element_type=\"widget\" data-e-type=\"widget\" data-widget_type=\"heading.default\">\n\t\t\t\t<div class=\"elementor-widget-container\">\n\t\t\t\t\t<h1 class=\"elementor-heading-title elementor-size-default\">Plus qu'un simple livre, un signal d'alarme<\/h1>\t\t\t\t<\/div>\n\t\t\t\t<\/div>\n\t\t\t\t<div class=\"elementor-element elementor-element-43554611 elementor-widget elementor-widget-text-editor\" data-id=\"43554611\" data-element_type=\"widget\" data-e-type=\"widget\" data-widget_type=\"text-editor.default\">\n\t\t\t\t<div class=\"elementor-widget-container\">\n\t\t\t\t\t\t\t\t\t<p>Ma\u00eetrisez votre \u00e9tat d&rsquo;esprit. D\u00e9veloppez une confiance in\u00e9branlable. Devenez l&rsquo;homme que vous \u00e9tiez destin\u00e9 \u00e0 \u00eatre.<\/p>\t\t\t\t\t\t\t\t<\/div>\n\t\t\t\t<\/div>\n\t\t\t\t<div class=\"elementor-element elementor-element-2406534a elementor-widget elementor-widget-button\" data-id=\"2406534a\" data-element_type=\"widget\" data-e-type=\"widget\" data-widget_type=\"button.default\">\n\t\t\t\t<div class=\"elementor-widget-container\">\n\t\t\t\t\t\t\t\t\t<div class=\"elementor-button-wrapper\">\n\t\t\t\t\t<a class=\"elementor-button elementor-button-link elementor-size-sm elementor-animation-float\" href=\"https:\/\/alpha4performance.com\/fr\/se-connecter\/\">\n\t\t\t\t\t\t<span class=\"elementor-button-content-wrapper\">\n\t\t\t\t\t\t<span class=\"elementor-button-icon\">\n\t\t\t\t<i aria-hidden=\"true\" class=\"fas fa-long-arrow-alt-right\"><\/i>\t\t\t<\/span>\n\t\t\t\t\t\t\t\t\t<span class=\"elementor-button-text\">R\u00e9servez votre appel strat\u00e9gique<\/span>\n\t\t\t\t\t<\/span>\n\t\t\t\t\t<\/a>\n\t\t\t\t<\/div>\n\t\t\t\t\t\t\t\t<\/div>\n\t\t\t\t<\/div>\n\t\t\t\t<\/div>\n\t\t\t\t\t<\/div>\n\t\t\t\t<\/div>\n\t\t<div class=\"elementor-element elementor-element-1c41fdf e-flex e-con-boxed e-con e-parent\" data-id=\"1c41fdf\" data-element_type=\"container\" data-e-type=\"container\" data-settings=\"{&quot;background_background&quot;:&quot;classic&quot;}\">\n\t\t\t\t\t<div class=\"e-con-inner\">\n\t\t<div class=\"elementor-element elementor-element-e4068a5 e-con-full e-flex e-con e-child\" data-id=\"e4068a5\" data-element_type=\"container\" data-e-type=\"container\">\n\t\t\t\t<div class=\"elementor-element elementor-element-16c744b elementor-widget elementor-widget-image\" data-id=\"16c744b\" data-element_type=\"widget\" data-e-type=\"widget\" data-widget_type=\"image.default\">\n\t\t\t\t<div class=\"elementor-widget-container\">\n\t\t\t\t\t\t\t\t\t\t\t\t\t\t\t<img fetchpriority=\"high\" decoding=\"async\" width=\"683\" height=\"1024\" src=\"https:\/\/alpha4performance.com\/wp-content\/uploads\/2025\/10\/da4873c4-0c50-4c9e-bd4a-c0c9f26420e3-800x1200-1-683x1024.webp\" class=\"attachment-large size-large wp-image-11145\" alt=\"\" srcset=\"https:\/\/alpha4performance.com\/wp-content\/uploads\/2025\/10\/da4873c4-0c50-4c9e-bd4a-c0c9f26420e3-800x1200-1-683x1024.webp 683w, https:\/\/alpha4performance.com\/wp-content\/uploads\/2025\/10\/da4873c4-0c50-4c9e-bd4a-c0c9f26420e3-800x1200-1-200x300.webp 200w, https:\/\/alpha4performance.com\/wp-content\/uploads\/2025\/10\/da4873c4-0c50-4c9e-bd4a-c0c9f26420e3-800x1200-1-768x1152.webp 768w, https:\/\/alpha4performance.com\/wp-content\/uploads\/2025\/10\/da4873c4-0c50-4c9e-bd4a-c0c9f26420e3-800x1200-1-400x600.webp 400w, https:\/\/alpha4performance.com\/wp-content\/uploads\/2025\/10\/da4873c4-0c50-4c9e-bd4a-c0c9f26420e3-800x1200-1-600x900.webp 600w, https:\/\/alpha4performance.com\/wp-content\/uploads\/2025\/10\/da4873c4-0c50-4c9e-bd4a-c0c9f26420e3-800x1200-1.webp 800w\" sizes=\"(max-width: 683px) 100vw, 683px\" \/>\t\t\t\t\t\t\t\t\t\t\t\t\t\t\t<\/div>\n\t\t\t\t<\/div>\n\t\t\t\t<div class=\"elementor-element elementor-element-eb43be8 elementor-widget elementor-widget-heading\" data-id=\"eb43be8\" data-element_type=\"widget\" data-e-type=\"widget\" data-widget_type=\"heading.default\">\n\t\t\t\t<div class=\"elementor-widget-container\">\n\t\t\t\t\t<h3 class=\"elementor-heading-title elementor-size-default\">Livre-Ebook - L'Homme Ultime\n<\/h3>\t\t\t\t<\/div>\n\t\t\t\t<\/div>\n\t\t\t\t<div class=\"elementor-element elementor-element-f408c0d elementor-widget__width-initial elementor-widget elementor-widget-text-editor\" data-id=\"f408c0d\" data-element_type=\"widget\" data-e-type=\"widget\" data-widget_type=\"text-editor.default\">\n\t\t\t\t<div class=\"elementor-widget-container\">\n\t\t\t\t\t\t\t\t\t<p>Entrez dans votre v\u00e9ritable pouvoir avec L&rsquo;Homme Ultime, o\u00f9 la confiance, la r\u00e9silience et le leadership convergent pour vous aider \u00e0 ma\u00eetriser tous les domaines de la vie. Devenez un leader charismatique.<\/p><p>Ce guide essentiel r\u00e9v\u00e8le les outils pour b\u00e2tir une force in\u00e9branlable, \u00e9lever votre \u00e9tat d&rsquo;esprit et commander le respect qui d\u00e9finit un v\u00e9ritable Alpha.<\/p><p>Adoptez des strat\u00e9gies con\u00e7ues pour fa\u00e7onner non seulement votre carri\u00e8re et vos relations, mais aussi votre h\u00e9ritage. Commencez votre transformation d\u00e8s aujourd&rsquo;hui et revendiquez votre place en tant que version ultime de vous-m\u00eame.<\/p>\t\t\t\t\t\t\t\t<\/div>\n\t\t\t\t<\/div>\n\t\t\t\t<div class=\"elementor-element elementor-element-0671eec elementor-align-left elementor-widget elementor-widget-button\" data-id=\"0671eec\" data-element_type=\"widget\" data-e-type=\"widget\" data-widget_type=\"button.default\">\n\t\t\t\t<div class=\"elementor-widget-container\">\n\t\t\t\t\t\t\t\t\t<div class=\"elementor-button-wrapper\">\n\t\t\t\t\t<a class=\"elementor-button elementor-button-link elementor-size-sm elementor-animation-float\" href=\"https:\/\/www.ultimalpha.com\/leadership-homme\" target=\"_blank\" rel=\"noopener\">\n\t\t\t\t\t\t<span class=\"elementor-button-content-wrapper\">\n\t\t\t\t\t\t<span class=\"elementor-button-icon\">\n\t\t\t\t<i aria-hidden=\"true\" class=\"fas fa-long-arrow-alt-right\"><\/i>\t\t\t<\/span>\n\t\t\t\t\t\t\t\t\t<span class=\"elementor-button-text\">En savoir plus<\/span>\n\t\t\t\t\t<\/span>\n\t\t\t\t\t<\/a>\n\t\t\t\t<\/div>\n\t\t\t\t\t\t\t\t<\/div>\n\t\t\t\t<\/div>\n\t\t\t\t<\/div>\n\t\t<div class=\"elementor-element elementor-element-dcfe980 e-con-full e-flex e-con e-child\" data-id=\"dcfe980\" data-element_type=\"container\" data-e-type=\"container\">\n\t\t\t\t<div class=\"elementor-element elementor-element-5448135 elementor-widget elementor-widget-image\" data-id=\"5448135\" data-element_type=\"widget\" data-e-type=\"widget\" data-widget_type=\"image.default\">\n\t\t\t\t<div class=\"elementor-widget-container\">\n\t\t\t\t\t\t\t\t\t\t\t\t\t\t\t<img decoding=\"async\" width=\"683\" height=\"1024\" src=\"https:\/\/alpha4performance.com\/wp-content\/uploads\/2025\/10\/Succeeding-In-Business-In-Any-Market-Cover-800x1200-1-683x1024.webp\" class=\"attachment-large size-large wp-image-11179\" alt=\"\" srcset=\"https:\/\/alpha4performance.com\/wp-content\/uploads\/2025\/10\/Succeeding-In-Business-In-Any-Market-Cover-800x1200-1-683x1024.webp 683w, https:\/\/alpha4performance.com\/wp-content\/uploads\/2025\/10\/Succeeding-In-Business-In-Any-Market-Cover-800x1200-1-200x300.webp 200w, https:\/\/alpha4performance.com\/wp-content\/uploads\/2025\/10\/Succeeding-In-Business-In-Any-Market-Cover-800x1200-1-768x1152.webp 768w, https:\/\/alpha4performance.com\/wp-content\/uploads\/2025\/10\/Succeeding-In-Business-In-Any-Market-Cover-800x1200-1-400x600.webp 400w, https:\/\/alpha4performance.com\/wp-content\/uploads\/2025\/10\/Succeeding-In-Business-In-Any-Market-Cover-800x1200-1-600x900.webp 600w, https:\/\/alpha4performance.com\/wp-content\/uploads\/2025\/10\/Succeeding-In-Business-In-Any-Market-Cover-800x1200-1.webp 800w\" sizes=\"(max-width: 683px) 100vw, 683px\" \/>\t\t\t\t\t\t\t\t\t\t\t\t\t\t\t<\/div>\n\t\t\t\t<\/div>\n\t\t\t\t<div class=\"elementor-element elementor-element-7c8975f elementor-widget elementor-widget-heading\" data-id=\"7c8975f\" data-element_type=\"widget\" data-e-type=\"widget\" data-widget_type=\"heading.default\">\n\t\t\t\t<div class=\"elementor-widget-container\">\n\t\t\t\t\t<h3 class=\"elementor-heading-title elementor-size-default\">Livre-Ebook - R\u00e9ussir en affaires sur n'importe quel march\u00e9\n<\/h3>\t\t\t\t<\/div>\n\t\t\t\t<\/div>\n\t\t\t\t<div class=\"elementor-element elementor-element-fb19127 elementor-widget__width-initial elementor-widget elementor-widget-text-editor\" data-id=\"fb19127\" data-element_type=\"widget\" data-e-type=\"widget\" data-widget_type=\"text-editor.default\">\n\t\t\t\t<div class=\"elementor-widget-container\">\n\t\t\t\t\t\t\t\t\t<p>Plongez dans le voyage transformateur d\u00e9crit dans R\u00e9ussir en affaires sur n&rsquo;importe quel march\u00e9, co-\u00e9crit par Ouly Reymond et le c\u00e9l\u00e8bre gourou des affaires Brian Tracy.<\/p><p>Ce guide complet offre des informations et des strat\u00e9gies pratiques pour vous aider \u00e0 lib\u00e9rer votre plein potentiel, \u00e0 atteindre vos objectifs et \u00e0 cr\u00e9er un succ\u00e8s durable dans tous les aspects de votre vie.<\/p><p>En mettant l&rsquo;accent sur le d\u00e9veloppement personnel, la ma\u00eetrise de l&rsquo;\u00e9tat d&rsquo;esprit et le bien-\u00eatre holistique, ce livre est votre feuille de route pour r\u00e9aliser vos r\u00eaves et vivre une vie \u00e9panouissante.<\/p>\t\t\t\t\t\t\t\t<\/div>\n\t\t\t\t<\/div>\n\t\t\t\t<div class=\"elementor-element elementor-element-0703b2a elementor-align-left elementor-widget elementor-widget-button\" data-id=\"0703b2a\" data-element_type=\"widget\" data-e-type=\"widget\" data-widget_type=\"button.default\">\n\t\t\t\t<div class=\"elementor-widget-container\">\n\t\t\t\t\t\t\t\t\t<div class=\"elementor-button-wrapper\">\n\t\t\t\t\t<a class=\"elementor-button elementor-button-link elementor-size-sm elementor-animation-float\" href=\"https:\/\/www.maximium-performance.com\/succeeding-in-business-in-any-market\/\" target=\"_blank\" rel=\"noopener\">\n\t\t\t\t\t\t<span class=\"elementor-button-content-wrapper\">\n\t\t\t\t\t\t<span class=\"elementor-button-icon\">\n\t\t\t\t<i aria-hidden=\"true\" class=\"fas fa-long-arrow-alt-right\"><\/i>\t\t\t<\/span>\n\t\t\t\t\t\t\t\t\t<span class=\"elementor-button-text\">En savoir plus<\/span>\n\t\t\t\t\t<\/span>\n\t\t\t\t\t<\/a>\n\t\t\t\t<\/div>\n\t\t\t\t\t\t\t\t<\/div>\n\t\t\t\t<\/div>\n\t\t\t\t<\/div>\n\t\t\t\t\t<\/div>\n\t\t\t\t<\/div>\n\t\t\t\t<\/div>\n\t\t","protected":false},"excerpt":{"rendered":"<p>Home Plus qu&rsquo;un simple livre, un signal d&rsquo;alarme Ma\u00eetrisez votre \u00e9tat d&rsquo;esprit. D\u00e9veloppez une confiance in\u00e9branlable. Devenez l&rsquo;homme que vous \u00e9tiez destin\u00e9 \u00e0 \u00eatre. R\u00e9servez votre appel strat\u00e9gique Livre-Ebook &#8211; L&rsquo;Homme Ultime Entrez dans votre v\u00e9ritable pouvoir avec L&rsquo;Homme Ultime, o\u00f9 la confiance, la r\u00e9silience et le leadership convergent pour vous aider \u00e0 ma\u00eetriser tous [&hellip;]<\/p>\n","protected":false},"author":15,"featured_media":11177,"parent":0,"menu_order":0,"comment_status":"closed","ping_status":"closed","template":"","meta":{"site-sidebar-layout":"no-sidebar","site-content-layout":"page-builder","ast-site-content-layout":"full-width-container","site-content-style":"default","site-sidebar-style":"default","ast-global-header-display":"","ast-banner-title-visibility":"","ast-main-header-display":"","ast-hfb-above-header-display":"","ast-hfb-below-header-display":"","ast-hfb-mobile-header-display":"","site-post-title":"disabled","ast-breadcrumbs-content":"","ast-featured-img":"disabled","footer-sml-layout":"","ast-disable-related-posts":"","theme-transparent-header-meta":"default","adv-header-id-meta":"","stick-header-meta":"default","header-above-stick-meta":"","header-main-stick-meta":"","header-below-stick-meta":"","astra-migrate-meta-layouts":"default","ast-page-background-enabled":"default","ast-page-background-meta":{"desktop":{"background-color":"","background-image":"","background-repeat":"repeat","background-position":"center center","background-size":"auto","background-attachment":"scroll","background-type":"","background-media":"","overlay-type":"","overlay-color":"","overlay-opacity":"","overlay-gradient":""},"tablet":{"background-color":"","background-image":"","background-repeat":"repeat","background-position":"center center","background-size":"auto","background-attachment":"scroll","background-type":"","background-media":"","overlay-type":"","overlay-color":"","overlay-opacity":"","overlay-gradient":""},"mobile":{"background-color":"","background-image":"","background-repeat":"repeat","background-position":"center center","background-size":"auto","background-attachment":"scroll","background-type":"","background-media":"","overlay-type":"","overlay-color":"","overlay-opacity":"","overlay-gradient":""}},"ast-content-background-meta":{"desktop":{"background-color":"var(--ast-global-color-5)","background-image":"","background-repeat":"repeat","background-position":"center center","background-size":"auto","background-attachment":"scroll","background-type":"","background-media":"","overlay-type":"","overlay-color":"","overlay-opacity":"","overlay-gradient":""},"tablet":{"background-color":"var(--ast-global-color-5)","background-image":"","background-repeat":"repeat","background-position":"center center","background-size":"auto","background-attachment":"scroll","background-type":"","background-media":"","overlay-type":"","overlay-color":"","overlay-opacity":"","overlay-gradient":""},"mobile":{"background-color":"var(--ast-global-color-5)","background-image":"","background-repeat":"repeat","background-position":"center center","background-size":"auto","background-attachment":"scroll","background-type":"","background-media":"","overlay-type":"","overlay-color":"","overlay-opacity":"","overlay-gradient":""}},"footnotes":""},"class_list":["post-11180","page","type-page","status-publish","has-post-thumbnail","hentry"],"_links":{"self":[{"href":"https:\/\/alpha4performance.com\/fr\/wp-json\/wp\/v2\/pages\/11180","targetHints":{"allow":["GET"]}}],"collection":[{"href":"https:\/\/alpha4performance.com\/fr\/wp-json\/wp\/v2\/pages"}],"about":[{"href":"https:\/\/alpha4performance.com\/fr\/wp-json\/wp\/v2\/types\/page"}],"author":[{"embeddable":true,"href":"https:\/\/alpha4performance.com\/fr\/wp-json\/wp\/v2\/users\/15"}],"replies":[{"embeddable":true,"href":"https:\/\/alpha4performance.com\/fr\/wp-json\/wp\/v2\/comments?post=11180"}],"version-history":[{"count":15,"href":"https:\/\/alpha4performance.com\/fr\/wp-json\/wp\/v2\/pages\/11180\/revisions"}],"predecessor-version":[{"id":11710,"href":"https:\/\/alpha4performance.com\/fr\/wp-json\/wp\/v2\/pages\/11180\/revisions\/11710"}],"wp:featuredmedia":[{"embeddable":true,"href":"https:\/\/alpha4performance.com\/fr\/wp-json\/wp\/v2\/media\/11177"}],"wp:attachment":[{"href":"https:\/\/alpha4performance.com\/fr\/wp-json\/wp\/v2\/media?parent=11180"}],"curies":[{"name":"wp","href":"https:\/\/api.w.org\/{rel}","templated":true}]}}