{"id":11215,"date":"2025-10-27T11:43:06","date_gmt":"2025-10-27T11:43:06","guid":{"rendered":"https:\/\/alpha4performance.com\/terms-and-conditions\/"},"modified":"2026-01-17T16:33:26","modified_gmt":"2026-01-17T16:33:26","slug":"conditions-generales","status":"publish","type":"page","link":"https:\/\/alpha4performance.com\/fr\/conditions-generales\/","title":{"rendered":"Conditions g\u00e9n\u00e9rales"},"content":{"rendered":"\t\t<div data-elementor-type=\"wp-page\" data-elementor-id=\"11215\" class=\"elementor elementor-11215 elementor-10292\" data-elementor-post-type=\"page\">\n\t\t\t\t<div class=\"elementor-element elementor-element-4db7368 e-flex e-con-boxed e-con e-parent\" data-id=\"4db7368\" data-element_type=\"container\" data-e-type=\"container\" data-settings=\"{&quot;background_background&quot;:&quot;classic&quot;}\">\n\t\t\t\t\t<div class=\"e-con-inner\">\n\t\t<div class=\"elementor-element elementor-element-dc6c297 e-con-full e-flex e-con e-child\" data-id=\"dc6c297\" data-element_type=\"container\" data-e-type=\"container\">\n\t\t\t\t<div class=\"elementor-element elementor-element-c94ac6b jet-breadcrumbs-align-left elementor-widget elementor-widget-jet-breadcrumbs\" data-id=\"c94ac6b\" data-element_type=\"widget\" data-e-type=\"widget\" data-widget_type=\"jet-breadcrumbs.default\">\n\t\t\t\t<div class=\"elementor-widget-container\">\n\t\t\t\t\t<div class=\"elementor-jet-breadcrumbs jet-blocks\">\n\t\t<div class=\"jet-breadcrumbs\">\n\t\t<div class=\"jet-breadcrumbs__content\">\n\t\t<div class=\"jet-breadcrumbs__wrap\"><div class=\"jet-breadcrumbs__item\"><a href=\"https:\/\/alpha4performance.com\/fr\/\" class=\"jet-breadcrumbs__item-link is-home\" rel=\"home\" title=\"Accueil\">Accueil<\/a><\/div>\n\t\t<\/div>\n\t\t<\/div>\n\t\t<\/div><\/div>\t\t\t\t<\/div>\n\t\t\t\t<\/div>\n\t\t\t\t<div class=\"elementor-element elementor-element-25b5955 elementor-widget elementor-widget-text-editor\" data-id=\"25b5955\" data-element_type=\"widget\" data-e-type=\"widget\" data-widget_type=\"text-editor.default\">\n\t\t\t\t<div class=\"elementor-widget-container\">\n\t\t\t\t\t\t\t\t\t<p>Comprenez les lignes directrices qui fa\u00e7onnent votre exp\u00e9rience avec Alpha4Performance \u2014 clart\u00e9, confiance et professionnalisme \u00e0 chaque interaction.<\/p>\t\t\t\t\t\t\t\t<\/div>\n\t\t\t\t<\/div>\n\t\t\t\t<div class=\"elementor-element elementor-element-8a4cb1d elementor-widget elementor-widget-button\" data-id=\"8a4cb1d\" data-element_type=\"widget\" data-e-type=\"widget\" data-widget_type=\"button.default\">\n\t\t\t\t<div class=\"elementor-widget-container\">\n\t\t\t\t\t\t\t\t\t<div class=\"elementor-button-wrapper\">\n\t\t\t\t\t<a class=\"elementor-button elementor-button-link elementor-size-sm elementor-animation-float\" href=\"https:\/\/alpha4performance.com\/fr\/se-connecter\/\">\n\t\t\t\t\t\t<span class=\"elementor-button-content-wrapper\">\n\t\t\t\t\t\t<span class=\"elementor-button-icon\">\n\t\t\t\t<i aria-hidden=\"true\" class=\"fas fa-long-arrow-alt-right\"><\/i>\t\t\t<\/span>\n\t\t\t\t\t\t\t\t\t<span class=\"elementor-button-text\">Fixez votre appel strat\u00e9gique<\/span>\n\t\t\t\t\t<\/span>\n\t\t\t\t\t<\/a>\n\t\t\t\t<\/div>\n\t\t\t\t\t\t\t\t<\/div>\n\t\t\t\t<\/div>\n\t\t\t\t<\/div>\n\t\t\t\t\t<\/div>\n\t\t\t\t<\/div>\n\t\t<div class=\"elementor-element elementor-element-8e8f133 e-flex e-con-boxed e-con e-parent\" data-id=\"8e8f133\" data-element_type=\"container\" data-e-type=\"container\" data-settings=\"{&quot;background_background&quot;:&quot;classic&quot;}\">\n\t\t\t\t\t<div class=\"e-con-inner\">\n\t\t<div class=\"elementor-element elementor-element-3e3e685 e-con-full e-flex e-con e-child\" data-id=\"3e3e685\" data-element_type=\"container\" data-e-type=\"container\">\n\t\t\t\t<div class=\"elementor-element elementor-element-a68f3a2 elementor-widget elementor-widget-text-editor\" data-id=\"a68f3a2\" data-element_type=\"widget\" data-e-type=\"widget\" data-widget_type=\"text-editor.default\">\n\t\t\t\t<div class=\"elementor-widget-container\">\n\t\t\t\t\t\t\t\t\t<p data-start=\"351\" data-end=\"387\"><strong data-start=\"351\" data-end=\"368\">Derni\u00e8re mise \u00e0 jour :<\/strong> 27 octobre 2025<\/p>\n<p data-start=\"389\" data-end=\"693\">Bienvenue sur <strong data-start=\"400\" data-end=\"421\">Alpha4Performance<\/strong> (\u00ab Soci\u00e9t\u00e9 \u00bb, \u00ab nous \u00bb, \u00ab notre \u00bb ou \u00ab nos \u00bb). Les pr\u00e9sentes Conditions g\u00e9n\u00e9rales (\u00ab Conditions \u00bb) r\u00e9gissent votre utilisation de notre site web [alpha4performance.com] (le \u00ab Site \u00bb) ainsi que de tout produit, service, programme de coaching, contenu num\u00e9rique, mat\u00e9riel ou contenu connexe fourni par nous (collectivement, les \u00ab Services \u00bb).<\/p>\n<p data-start=\"695\" data-end=\"833\">En acc\u00e9dant \u00e0 notre Site ou \u00e0 nos Services, ou en les utilisant, vous acceptez d\u2019\u00eatre li\u00e9(e) par les pr\u00e9sentes Conditions. Si vous n\u2019\u00eates pas d\u2019accord, veuillez cesser toute utilisation imm\u00e9diatement.<\/p>\n\n<h2 data-start=\"840\" data-end=\"877\"><span style=\"color: #ffffff;\"><strong data-start=\"843\" data-end=\"877\">1. Utilisation du site et des services<\/strong><\/span><\/h2>\n<p data-start=\"878\" data-end=\"981\">Vous acceptez d\u2019utiliser ce Site uniquement \u00e0 des fins l\u00e9gales et conform\u00e9ment aux pr\u00e9sentes Conditions.<br data-start=\"965\" data-end=\"968\" \/>Vous ne devez pas :<\/p>\n\n<ul data-start=\"982\" data-end=\"1240\">\n \t<li data-start=\"982\" data-end=\"1055\">\n<p data-start=\"984\" data-end=\"1055\">Utiliser le Site d\u2019une mani\u00e8re qui enfreint les lois ou r\u00e9glementations applicables.<\/p>\n<\/li>\n \t<li data-start=\"1056\" data-end=\"1138\">\n<p data-start=\"1058\" data-end=\"1138\">Tenter d\u2019obtenir un acc\u00e8s non autoris\u00e9 \u00e0 toute partie du Site ou \u00e0 nos syst\u00e8mes.<\/p>\n<\/li>\n \t<li data-start=\"1139\" data-end=\"1240\">\n<p data-start=\"1141\" data-end=\"1240\">Reproduire, dupliquer, copier, vendre ou exploiter toute partie du Site sans notre consentement \u00e9crit.<\/p>\n<\/li>\n<\/ul>\n<p data-start=\"1242\" data-end=\"1408\">Le contenu de ce site web est destin\u00e9 \u00e0 des <strong data-start=\"1286\" data-end=\"1328\">fins \u00e9ducatives et informatives<\/strong> li\u00e9es au d\u00e9veloppement personnel, \u00e0 la formation en leadership et au coaching de performance.<\/p>\n\n<h2 data-start=\"1415\" data-end=\"1444\"><span style=\"color: #ffffff;\"><strong data-start=\"1418\" data-end=\"1444\">2. Clause de non-responsabilit\u00e9 relative au coaching<\/strong><\/span><\/h2>\n<p data-start=\"1445\" data-end=\"1662\">Tous les programmes de coaching, contenus et conseils propos\u00e9s par <strong data-start=\"1504\" data-end=\"1525\">Alpha4Performance<\/strong> sont con\u00e7us pour la <strong data-start=\"1543\" data-end=\"1590\">croissance personnelle et le d\u00e9veloppement \u00e9ducatif<\/strong>.<br data-start=\"1591\" data-end=\"1594\" \/>Nous ne fournissons <strong data-start=\"1600\" data-end=\"1607\">pas<\/strong> de conseils m\u00e9dicaux, psychologiques ou financiers.<\/p>\n<p data-start=\"1664\" data-end=\"1735\">En participant \u00e0 l\u2019un de nos programmes de coaching, vous reconnaissez que :<\/p>\n\n<ul data-start=\"1736\" data-end=\"1983\">\n \t<li data-start=\"1736\" data-end=\"1801\">\n<p data-start=\"1738\" data-end=\"1801\">Les r\u00e9sultats varient en fonction de l\u2019effort, de l\u2019\u00e9tat d\u2019esprit et des actions de chacun.<\/p>\n<\/li>\n \t<li data-start=\"1802\" data-end=\"1878\">\n<p data-start=\"1804\" data-end=\"1878\">Vous \u00eates seul(e) responsable de vos d\u00e9cisions, actions et r\u00e9sultats.<\/p>\n<\/li>\n \t<li data-start=\"1879\" data-end=\"1983\">\n<p data-start=\"1881\" data-end=\"1983\">Vous devriez consulter un professionnel qualifi\u00e9 avant de prendre des d\u00e9cisions importantes dans votre vie personnelle ou professionnelle.<\/p>\n<\/li>\n<\/ul>\n<h2 data-start=\"1990\" data-end=\"2028\"><span style=\"color: #ffffff;\"><strong data-start=\"1993\" data-end=\"2028\">3. Droits de propri\u00e9t\u00e9 intellectuelle<\/strong><\/span><\/h2>\n<p data-start=\"2029\" data-end=\"2256\">Tous les contenus, \u00e9l\u00e9ments de marque, vid\u00e9os, textes, graphiques et supports pr\u00e9sents sur ce Site sont d\u00e9tenus ou conc\u00e9d\u00e9s sous licence par <strong data-start=\"2128\" data-end=\"2149\">Alpha4Performance<\/strong>.<br data-start=\"2150\" data-end=\"2153\" \/>Vous ne pouvez pas reproduire, modifier, distribuer ni utiliser tout ou partie de notre contenu sans autorisation \u00e9crite.<\/p>\n<p data-start=\"2258\" data-end=\"2393\">Les marques, logos et slogans (y compris \u00ab The Alpha Advantage \u00bb) sont la propri\u00e9t\u00e9 d\u2019Alpha4Performance et sont prot\u00e9g\u00e9s par les lois applicables.<\/p>\n\n<h2 data-start=\"2400\" data-end=\"2430\"><span style=\"color: #ffffff;\"><strong data-start=\"2403\" data-end=\"2430\">4. Paiements et remboursements\n<\/strong><\/span><\/h2>\n<p data-start=\"2431\" data-end=\"2671\">Tous les achats, abonnements et frais de programmes de coaching sont d\u00e9finitifs, sauf indication contraire.<br data-start=\"2521\" data-end=\"2524\" \/>Les remboursements peuvent \u00eatre envisag\u00e9s au cas par cas, conform\u00e9ment \u00e0 la politique de remboursement affich\u00e9e lors du paiement ou stipul\u00e9e dans votre contrat client.<\/p>\n<p data-start=\"2673\" data-end=\"2781\">Vous acceptez de fournir des informations de facturation exactes et nous autorisez \u00e0 d\u00e9biter le moyen de paiement que vous fournissez.<\/p>\n\n<h2 data-start=\"2788\" data-end=\"2821\"><span style=\"color: #ffffff;\"><strong data-start=\"2791\" data-end=\"2821\">5. Limitation de responsabilit\u00e9<\/strong><\/span><\/h2>\n<p data-start=\"2822\" data-end=\"2980\">Dans la mesure maximale permise par la loi, <strong data-start=\"2862\" data-end=\"2883\">Alpha4Performance<\/strong> ne saurait \u00eatre tenue responsable de tout dommage direct, indirect, accessoire ou cons\u00e9cutif r\u00e9sultant :<\/p>\n\n<ul data-start=\"2981\" data-end=\"3113\">\n \t<li data-start=\"2981\" data-end=\"3030\">\n<p data-start=\"2983\" data-end=\"3030\">De votre utilisation de nos Services ou de votre incapacit\u00e9 \u00e0 les utiliser,<\/p>\n<\/li>\n \t<li data-start=\"3031\" data-end=\"3072\">\n<p data-start=\"3033\" data-end=\"3072\">De toute confiance accord\u00e9e aux informations fournies,<\/p>\n<\/li>\n \t<li data-start=\"3073\" data-end=\"3113\">\n<p data-start=\"3075\" data-end=\"3113\">Ou de tout acc\u00e8s non autoris\u00e9 \u00e0 vos donn\u00e9es.<\/p>\n<\/li>\n<\/ul>\n<p data-start=\"3115\" data-end=\"3219\">Notre responsabilit\u00e9 totale ne d\u00e9passera pas le montant que vous nous avez pay\u00e9 (le cas \u00e9ch\u00e9ant) dans le cadre des Services.<\/p>\n\n<h2 data-start=\"3226\" data-end=\"3250\"><span style=\"color: #ffffff;\"><strong data-start=\"3229\" data-end=\"3250\">6. Politique de confidentialit\u00e9<\/strong><\/span><\/h2>\n<p data-start=\"3251\" data-end=\"3414\">Votre utilisation de notre Site est \u00e9galement r\u00e9gie par notre [Politique de confidentialit\u00e9]. En utilisant le Site, vous consentez \u00e0 la collecte et \u00e0 l\u2019utilisation de vos donn\u00e9es personnelles telles qu\u2019y d\u00e9crites.<\/p>\n\n<h2 data-start=\"3421\" data-end=\"3448\"><span style=\"color: #ffffff;\"><strong data-start=\"3424\" data-end=\"3448\">7. Liens vers des tiers<\/strong><\/span><\/h2>\n<p data-start=\"3449\" data-end=\"3645\">Notre Site peut contenir des liens vers des sites web tiers.<br data-start=\"3500\" data-end=\"3503\" \/>Nous ne sommes pas responsables du contenu, des politiques ou des pratiques de ces sites externes et nous vous encourageons \u00e0 consulter leurs conditions avant toute interaction.<\/p>\n\n<h2 data-start=\"3652\" data-end=\"3678\"><span style=\"color: #ffffff;\"><strong data-start=\"3655\" data-end=\"3678\">8. Modifications des Conditions<\/strong><\/span><\/h2>\n<p data-start=\"3679\" data-end=\"3899\">Nous nous r\u00e9servons le droit de mettre \u00e0 jour ou de modifier les pr\u00e9sentes Conditions \u00e0 tout moment.<br data-start=\"3744\" data-end=\"3747\" \/>La date de \u00ab Derni\u00e8re mise \u00e0 jour \u00bb refl\u00e9tera la r\u00e9vision la plus r\u00e9cente. La poursuite de l\u2019utilisation du Site apr\u00e8s toute modification constitue votre acceptation des nouvelles Conditions.<\/p>\n\n<h2 data-start=\"3906\" data-end=\"3929\"><span style=\"color: #ffffff;\"><strong data-start=\"3909\" data-end=\"3929\">9. Droit applicable<\/strong><\/span><\/h2>\n<p data-start=\"3930\" data-end=\"4095\">Les pr\u00e9sentes Conditions sont r\u00e9gies et interpr\u00e9t\u00e9es conform\u00e9ment aux lois de l\u2019<strong data-start=\"4012\" data-end=\"4048\">\u00c9tat de [Votre \u00c9tat ou pays]<\/strong>, sans \u00e9gard aux principes de conflit de lois.<\/p>\n\n<h2 data-start=\"4102\" data-end=\"4123\"><span style=\"color: #ffffff;\"><strong data-start=\"4105\" data-end=\"4123\">10. Nous contacter<\/strong><\/span><\/h2>\n<p data-start=\"4124\" data-end=\"4264\">Pour toute question ou pr\u00e9occupation concernant ces Conditions, veuillez nous contacter \u00e0 :<br data-start=\"4190\" data-end=\"4193\" \/>\ud83d\udce7 <strong data-start=\"4196\" data-end=\"4229\"><a class=\"decorated-link cursor-pointer\" rel=\"noopener\" data-start=\"4198\" data-end=\"4227\">support@alpha4performance.com<\/a><\/strong><br data-start=\"4229\" data-end=\"4232\" \/>\ud83c\udf10 <strong data-start=\"4235\" data-end=\"4264\"><a class=\"decorated-link cursor-pointer\" target=\"_new\" rel=\"noopener\" data-start=\"4237\" data-end=\"4262\">www.alpha4performance.com<\/a><\/strong><\/p>\n\t\t\t\t\t\t\t\t<\/div>\n\t\t\t\t<\/div>\n\t\t\t\t<\/div>\n\t\t\t\t\t<\/div>\n\t\t\t\t<\/div>\n\t\t\t\t<\/div>\n\t\t","protected":false},"excerpt":{"rendered":"<p>Accueil Comprenez les lignes directrices qui fa\u00e7onnent votre exp\u00e9rience avec Alpha4Performance \u2014 clart\u00e9, confiance et professionnalisme \u00e0 chaque interaction. Fixez votre appel strat\u00e9gique Derni\u00e8re mise \u00e0 jour : 27 octobre 2025 Bienvenue sur Alpha4Performance (\u00ab Soci\u00e9t\u00e9 \u00bb, \u00ab nous \u00bb, \u00ab notre \u00bb ou \u00ab nos \u00bb). Les pr\u00e9sentes Conditions g\u00e9n\u00e9rales (\u00ab Conditions \u00bb) r\u00e9gissent [&hellip;]<\/p>\n","protected":false},"author":15,"featured_media":11177,"parent":0,"menu_order":0,"comment_status":"closed","ping_status":"closed","template":"elementor_header_footer","meta":{"site-sidebar-layout":"no-sidebar","site-content-layout":"page-builder","ast-site-content-layout":"full-width-container","site-content-style":"default","site-sidebar-style":"default","ast-global-header-display":"","ast-banner-title-visibility":"","ast-main-header-display":"","ast-hfb-above-header-display":"","ast-hfb-below-header-display":"","ast-hfb-mobile-header-display":"","site-post-title":"disabled","ast-breadcrumbs-content":"","ast-featured-img":"disabled","footer-sml-layout":"","ast-disable-related-posts":"","theme-transparent-header-meta":"default","adv-header-id-meta":"","stick-header-meta":"default","header-above-stick-meta":"","header-main-stick-meta":"","header-below-stick-meta":"","astra-migrate-meta-layouts":"set","ast-page-background-enabled":"default","ast-page-background-meta":{"desktop":{"background-color":"","background-image":"","background-repeat":"repeat","background-position":"center center","background-size":"auto","background-attachment":"scroll","background-type":"","background-media":"","overlay-type":"","overlay-color":"","overlay-opacity":"","overlay-gradient":""},"tablet":{"background-color":"","background-image":"","background-repeat":"repeat","background-position":"center center","background-size":"auto","background-attachment":"scroll","background-type":"","background-media":"","overlay-type":"","overlay-color":"","overlay-opacity":"","overlay-gradient":""},"mobile":{"background-color":"","background-image":"","background-repeat":"repeat","background-position":"center center","background-size":"auto","background-attachment":"scroll","background-type":"","background-media":"","overlay-type":"","overlay-color":"","overlay-opacity":"","overlay-gradient":""}},"ast-content-background-meta":{"desktop":{"background-color":"var(--ast-global-color-5)","background-image":"","background-repeat":"repeat","background-position":"center center","background-size":"auto","background-attachment":"scroll","background-type":"","background-media":"","overlay-type":"","overlay-color":"","overlay-opacity":"","overlay-gradient":""},"tablet":{"background-color":"var(--ast-global-color-5)","background-image":"","background-repeat":"repeat","background-position":"center center","background-size":"auto","background-attachment":"scroll","background-type":"","background-media":"","overlay-type":"","overlay-color":"","overlay-opacity":"","overlay-gradient":""},"mobile":{"background-color":"var(--ast-global-color-5)","background-image":"","background-repeat":"repeat","background-position":"center center","background-size":"auto","background-attachment":"scroll","background-type":"","background-media":"","overlay-type":"","overlay-color":"","overlay-opacity":"","overlay-gradient":""}},"footnotes":""},"class_list":["post-11215","page","type-page","status-publish","has-post-thumbnail","hentry"],"_links":{"self":[{"href":"https:\/\/alpha4performance.com\/fr\/wp-json\/wp\/v2\/pages\/11215","targetHints":{"allow":["GET"]}}],"collection":[{"href":"https:\/\/alpha4performance.com\/fr\/wp-json\/wp\/v2\/pages"}],"about":[{"href":"https:\/\/alpha4performance.com\/fr\/wp-json\/wp\/v2\/types\/page"}],"author":[{"embeddable":true,"href":"https:\/\/alpha4performance.com\/fr\/wp-json\/wp\/v2\/users\/15"}],"replies":[{"embeddable":true,"href":"https:\/\/alpha4performance.com\/fr\/wp-json\/wp\/v2\/comments?post=11215"}],"version-history":[{"count":7,"href":"https:\/\/alpha4performance.com\/fr\/wp-json\/wp\/v2\/pages\/11215\/revisions"}],"predecessor-version":[{"id":11223,"href":"https:\/\/alpha4performance.com\/fr\/wp-json\/wp\/v2\/pages\/11215\/revisions\/11223"}],"wp:featuredmedia":[{"embeddable":true,"href":"https:\/\/alpha4performance.com\/fr\/wp-json\/wp\/v2\/media\/11177"}],"wp:attachment":[{"href":"https:\/\/alpha4performance.com\/fr\/wp-json\/wp\/v2\/media?parent=11215"}],"curies":[{"name":"wp","href":"https:\/\/api.w.org\/{rel}","templated":true}]}}